{"id":3836,"date":"2024-09-13T00:07:05","date_gmt":"2024-09-12T22:07:05","guid":{"rendered":"https:\/\/hch2.pwdev.de\/imprint\/"},"modified":"2025-03-31T13:38:47","modified_gmt":"2025-03-31T11:38:47","slug":"imprint","status":"publish","type":"page","link":"https:\/\/hch2.de\/en\/imprint\/","title":{"rendered":"Imprint"},"content":{"rendered":"\t\t<div data-elementor-type=\"wp-page\" data-elementor-id=\"3836\" class=\"elementor elementor-3836 elementor-737\" data-elementor-post-type=\"page\">\n\t\t\t\t<div class=\"elementor-element elementor-element-3c2ce68 e-con-full e-flex e-con e-parent\" data-id=\"3c2ce68\" data-element_type=\"container\" data-e-type=\"container\" data-settings=\"{&quot;jet_parallax_layout_list&quot;:[]}\">\n\t\t<div class=\"elementor-element elementor-element-30c0f4c e-flex e-con-boxed e-con e-child\" data-id=\"30c0f4c\" data-element_type=\"container\" data-e-type=\"container\" data-settings=\"{&quot;jet_parallax_layout_list&quot;:[]}\">\n\t\t\t\t\t<div class=\"e-con-inner\">\n\t\t<div class=\"elementor-element elementor-element-1a0b2c8 e-con-full e-flex e-con e-child\" data-id=\"1a0b2c8\" data-element_type=\"container\" data-e-type=\"container\" data-settings=\"{&quot;jet_parallax_layout_list&quot;:[]}\">\n\t\t\t\t<div class=\"elementor-element elementor-element-5e589b5 elementor-invisible elementor-widget elementor-widget-heading\" data-id=\"5e589b5\" data-element_type=\"widget\" data-e-type=\"widget\" data-settings=\"{&quot;_animation&quot;:&quot;zoomIn&quot;}\" data-widget_type=\"heading.default\">\n\t\t\t\t<div class=\"elementor-widget-container\">\n\t\t\t\t\t<h2 class=\"elementor-heading-title elementor-size-default\">Imprint<\/h2>\t\t\t\t<\/div>\n\t\t\t\t<\/div>\n\t\t\t\t<div class=\"elementor-element elementor-element-0d9fd3a elementor-widget elementor-widget-text-editor\" data-id=\"0d9fd3a\" data-element_type=\"widget\" data-e-type=\"widget\" data-widget_type=\"text-editor.default\">\n\t\t\t\t<div class=\"elementor-widget-container\">\n\t\t\t\t\t\t\t\t\t<div class=\"vc_col-sm-6 wpb_column vc_column_container\">\n<div class=\"vc_column-inner us_custom_7e20fa79 us_animate_this start\">\n<div class=\"wpb_wrapper\">\n<div class=\"wpb_text_column us_custom_7b3f0084 has_text_color\">\n<div class=\"wpb_wrapper\">\n<h3 id=\"44bd33aa-42df-46c4-803f-bbb83e4a640e\">Research Centre J\u00fclich GmbH<\/h3>\n<p>Wilhelm-Johnen-Stra\u00dfe<br \/>52428 J\u00fclich<\/p>\n<p>Postal address:<br \/>52425 J\u00fclich<\/p>\n<p>Delivery address:<br \/>Leo-Brandt-Stra\u00dfe<br \/>52428 J\u00fclich<\/p>\n<p>Registered in the commercial register of the local court of D\u00fcren No. HR B 3498<br \/>Value added tax ID no. in accordance with \u00a7 27 a of the Value Added Tax Act: DE 122624631<br \/>Tax no.: 213\/5700\/0033  <\/p>\n<h3 id=\"56a7a288-ae79-4134-8cf4-b75db737fb07\">Management:<\/h3>\n<ul>\n<li>Prof. Dr. Astrid Lambrecht (Chairwoman)<\/li>\n<li>Dr. Stephanie Bauer (Deputy Chairwoman)<\/li>\n<li>Prof. Dr. Ir. Pieter Jansens <\/li>\n<\/ul>\n<h3 id=\"4c88dfa2-de42-4278-b709-bd5d1283d9d1\">Chairman of the Supervisory Board:<\/h3>\n<p>Ministerial Director Stefan M\u00fcller<\/p>\n<h3 id=\"62a85818-7e33-4516-bb17-fa7d1548f528\">Responsible according to \u00a7 18, paragraph 2, Media State Treaty (MStV): <\/h3>\n<p>Prof. Dr. Peter Wasserscheid<br \/>Forschungszentrum J\u00fclich<br \/>Sprecher HC-H2<br \/>Wilhelm-Johnen-Stra\u00dfe, 52428 J\u00fclich<\/p>\n<h3 id=\"b7b4a31f-d1ce-4de9-84ab-9e03294ee1dc\">Contact:<\/h3>\n<p>Telefon-Sammel-Nr. 02461 61-0<br \/>Telefax-Sammel-Nr. 02461 61-8100  <\/p>\n<p>Internet: http:\/\/www.fz-juelich.de<br \/>Mailadresse: info@fz-juelich.de<\/p>\n<h3 id=\"ff02c6ab-fbda-4a50-a77a-77e4c41d06d9\">Copyright<\/h3>\n<p>Copyright and all other rights to the Internet pages of Forschungszentrum J\u00fclich are held by Forschungszentrum J\u00fclich GmbH. Reproduction, even in extracts, for educational, scientific or private purposes is permitted provided the source is acknowledged (unless expressly stated otherwise at the relevant point). Use for commercial purposes is not permitted without the express consent of Forschungszentrum J\u00fclich.  <\/p>\n<p>Contact: <a href=\"https:\/\/www.fz-juelich.de\/de\/press\/unternehmenskommunikation-ansprechpartner\">Corporate Communications Division<\/a><\/p>\n<h3 id=\"ff02c6ab-fbda-4a50-a77a-77e4c41d06d9\">Image material:<\/h3>\n<p>The copyright for the images used on this website is held by Forschungszentrum J\u00fclich (Guido Jansen, Ralf-Uwe Limbach, Bernd N\u00f6rig, Sascha Kreklau), aligator kommunikation GmbH and stock.adobe.com.<\/p>\n<h3 id=\"37d3a06e-fa94-40c1-8972-12708c439162\">Disclaimer<\/h3>\n<p>Content of your own pages<\/p>\n<p>We have carefully compiled the Internet pages of the Research Centre. However, we assume no guarantee or liability for the information provided being up-to-date, complete and correct at all times. <\/p>\n<p>Links to external websites<\/p>\n<p>The Internet pages of the Research Centre contain links to the websites of third parties. These links to the websites of third parties do not constitute approval of their content. The respective provider or operator of the pages is always responsible for the content of the linked pages. Illegal contents were not recognisable at the time of linking. We assume no liability for the continued topicality, correctness and completeness of the linked content, as this content is outside our area of responsibility and we have no influence on its future design. If we become aware of any legal infringements, we will remove such links immediately.     <\/p>\n<h3 id=\"32d8eb9a-21f3-4b66-8dbc-d4588da766e9\">Data protection:<\/h3>\n<p>Every time a user accesses a page from the Forschungszentrum GmbH website and every time a file is retrieved, data about this process is stored in a log file. This data is not personalised; we are therefore unable to trace which user has accessed which data. Personalised user profiles can therefore not be created. The stored data is only analysed for statistical purposes. It is not passed on to third parties in the event of such access.    <\/p>\n<p><a href=\"https:\/\/www.fz-juelich.de\/de\/datenschutz\">Further information on data protection<\/a><\/p>\n<\/div>\n<\/div>\n<\/div>\n<\/div>\n<\/div>\n\t\t\t\t\t\t\t\t<\/div>\n\t\t\t\t<\/div>\n\t\t\t\t<\/div>\n\t\t\t\t\t<\/div>\n\t\t\t\t<\/div>\n\t\t\t\t<\/div>\n\t\t\t\t<\/div>\n\t\t","protected":false},"excerpt":{"rendered":"<p>Imprint Research Centre J\u00fclich GmbH Wilhelm-Johnen-Stra\u00dfe52428 J\u00fclich Postal address:52425 J\u00fclich Delivery address:Leo-Brandt-Stra\u00dfe52428 J\u00fclich Registered in the commercial register of the local court of D\u00fcren No. HR B 3498Value added tax ID no. in accordance with \u00a7 27 a of the Value Added Tax Act: DE 122624631Tax no.: 213\/5700\/0033 Management: Prof. Dr. Astrid Lambrecht (Chairwoman) Dr. [&hellip;]<\/p>\n","protected":false},"author":2,"featured_media":0,"parent":0,"menu_order":0,"comment_status":"closed","ping_status":"closed","template":"","meta":{"footnotes":""},"class_list":["post-3836","page","type-page","status-publish","hentry"],"yoast_head":"<!-- This site is optimized with the Yoast SEO plugin v27.5 - https:\/\/yoast.com\/product\/yoast-seo-wordpress\/ -->\n<title>Imprint - HCH2<\/title>\n<meta name=\"robots\" content=\"index, follow, max-snippet:-1, max-image-preview:large, max-video-preview:-1\" \/>\n<link rel=\"canonical\" href=\"https:\/\/hch2.de\/en\/imprint\/\" \/>\n<meta property=\"og:locale\" content=\"en_US\" \/>\n<meta property=\"og:type\" content=\"article\" \/>\n<meta property=\"og:title\" content=\"Imprint - HCH2\" \/>\n<meta property=\"og:description\" content=\"Imprint Research Centre J\u00fclich GmbH Wilhelm-Johnen-Stra\u00dfe52428 J\u00fclich Postal address:52425 J\u00fclich Delivery address:Leo-Brandt-Stra\u00dfe52428 J\u00fclich Registered in the commercial register of the local court of D\u00fcren No. HR B 3498Value added tax ID no. in accordance with \u00a7 27 a of the Value Added Tax Act: DE 122624631Tax no.: 213\/5700\/0033 Management: Prof. Dr. Astrid Lambrecht (Chairwoman) Dr. [&hellip;]\" \/>\n<meta property=\"og:url\" content=\"https:\/\/hch2.de\/en\/imprint\/\" \/>\n<meta property=\"og:site_name\" content=\"HCH2\" \/>\n<meta property=\"article:modified_time\" content=\"2025-03-31T11:38:47+00:00\" \/>\n<meta name=\"twitter:card\" content=\"summary_large_image\" \/>\n<meta name=\"twitter:label1\" content=\"Est. reading time\" \/>\n\t<meta name=\"twitter:data1\" content=\"2 minutes\" \/>\n<script type=\"application\/ld+json\" class=\"yoast-schema-graph\">{\"@context\":\"https:\\\/\\\/schema.org\",\"@graph\":[{\"@type\":\"WebPage\",\"@id\":\"https:\\\/\\\/hch2.de\\\/en\\\/imprint\\\/\",\"url\":\"https:\\\/\\\/hch2.de\\\/en\\\/imprint\\\/\",\"name\":\"Imprint - HCH2\",\"isPartOf\":{\"@id\":\"https:\\\/\\\/hch2.de\\\/en\\\/#website\"},\"datePublished\":\"2024-09-12T22:07:05+00:00\",\"dateModified\":\"2025-03-31T11:38:47+00:00\",\"breadcrumb\":{\"@id\":\"https:\\\/\\\/hch2.de\\\/en\\\/imprint\\\/#breadcrumb\"},\"inLanguage\":\"en-US\",\"potentialAction\":[{\"@type\":\"ReadAction\",\"target\":[\"https:\\\/\\\/hch2.de\\\/en\\\/imprint\\\/\"]}]},{\"@type\":\"BreadcrumbList\",\"@id\":\"https:\\\/\\\/hch2.de\\\/en\\\/imprint\\\/#breadcrumb\",\"itemListElement\":[{\"@type\":\"ListItem\",\"position\":1,\"name\":\"Home\",\"item\":\"https:\\\/\\\/hch2.de\\\/en\\\/home\\\/\"},{\"@type\":\"ListItem\",\"position\":2,\"name\":\"Imprint\"}]},{\"@type\":\"WebSite\",\"@id\":\"https:\\\/\\\/hch2.de\\\/en\\\/#website\",\"url\":\"https:\\\/\\\/hch2.de\\\/en\\\/\",\"name\":\"HCH2\",\"description\":\"\",\"potentialAction\":[{\"@type\":\"SearchAction\",\"target\":{\"@type\":\"EntryPoint\",\"urlTemplate\":\"https:\\\/\\\/hch2.de\\\/en\\\/?s={search_term_string}\"},\"query-input\":{\"@type\":\"PropertyValueSpecification\",\"valueRequired\":true,\"valueName\":\"search_term_string\"}}],\"inLanguage\":\"en-US\"}]}<\/script>\n<!-- \/ Yoast SEO plugin. -->","yoast_head_json":{"title":"Imprint - HCH2","robots":{"index":"index","follow":"follow","max-snippet":"max-snippet:-1","max-image-preview":"max-image-preview:large","max-video-preview":"max-video-preview:-1"},"canonical":"https:\/\/hch2.de\/en\/imprint\/","og_locale":"en_US","og_type":"article","og_title":"Imprint - HCH2","og_description":"Imprint Research Centre J\u00fclich GmbH Wilhelm-Johnen-Stra\u00dfe52428 J\u00fclich Postal address:52425 J\u00fclich Delivery address:Leo-Brandt-Stra\u00dfe52428 J\u00fclich Registered in the commercial register of the local court of D\u00fcren No. HR B 3498Value added tax ID no. in accordance with \u00a7 27 a of the Value Added Tax Act: DE 122624631Tax no.: 213\/5700\/0033 Management: Prof. Dr. Astrid Lambrecht (Chairwoman) Dr. [&hellip;]","og_url":"https:\/\/hch2.de\/en\/imprint\/","og_site_name":"HCH2","article_modified_time":"2025-03-31T11:38:47+00:00","twitter_card":"summary_large_image","twitter_misc":{"Est. reading time":"2 minutes"},"schema":{"@context":"https:\/\/schema.org","@graph":[{"@type":"WebPage","@id":"https:\/\/hch2.de\/en\/imprint\/","url":"https:\/\/hch2.de\/en\/imprint\/","name":"Imprint - HCH2","isPartOf":{"@id":"https:\/\/hch2.de\/en\/#website"},"datePublished":"2024-09-12T22:07:05+00:00","dateModified":"2025-03-31T11:38:47+00:00","breadcrumb":{"@id":"https:\/\/hch2.de\/en\/imprint\/#breadcrumb"},"inLanguage":"en-US","potentialAction":[{"@type":"ReadAction","target":["https:\/\/hch2.de\/en\/imprint\/"]}]},{"@type":"BreadcrumbList","@id":"https:\/\/hch2.de\/en\/imprint\/#breadcrumb","itemListElement":[{"@type":"ListItem","position":1,"name":"Home","item":"https:\/\/hch2.de\/en\/home\/"},{"@type":"ListItem","position":2,"name":"Imprint"}]},{"@type":"WebSite","@id":"https:\/\/hch2.de\/en\/#website","url":"https:\/\/hch2.de\/en\/","name":"HCH2","description":"","potentialAction":[{"@type":"SearchAction","target":{"@type":"EntryPoint","urlTemplate":"https:\/\/hch2.de\/en\/?s={search_term_string}"},"query-input":{"@type":"PropertyValueSpecification","valueRequired":true,"valueName":"search_term_string"}}],"inLanguage":"en-US"}]}},"_links":{"self":[{"href":"https:\/\/hch2.de\/en\/wp-json\/wp\/v2\/pages\/3836","targetHints":{"allow":["GET"]}}],"collection":[{"href":"https:\/\/hch2.de\/en\/wp-json\/wp\/v2\/pages"}],"about":[{"href":"https:\/\/hch2.de\/en\/wp-json\/wp\/v2\/types\/page"}],"author":[{"embeddable":true,"href":"https:\/\/hch2.de\/en\/wp-json\/wp\/v2\/users\/2"}],"replies":[{"embeddable":true,"href":"https:\/\/hch2.de\/en\/wp-json\/wp\/v2\/comments?post=3836"}],"version-history":[{"count":1,"href":"https:\/\/hch2.de\/en\/wp-json\/wp\/v2\/pages\/3836\/revisions"}],"predecessor-version":[{"id":3837,"href":"https:\/\/hch2.de\/en\/wp-json\/wp\/v2\/pages\/3836\/revisions\/3837"}],"wp:attachment":[{"href":"https:\/\/hch2.de\/en\/wp-json\/wp\/v2\/media?parent=3836"}],"curies":[{"name":"wp","href":"https:\/\/api.w.org\/{rel}","templated":true}]}}